{"id":184,"date":"2022-03-15T19:23:33","date_gmt":"2022-03-15T19:23:33","guid":{"rendered":"https:\/\/montrealcomptable.com\/?page_id=184"},"modified":"2022-03-15T23:19:10","modified_gmt":"2022-03-15T23:19:10","slug":"sme-bookkeeping","status":"publish","type":"page","link":"https:\/\/montrealcomptable.com\/en\/sme-bookkeeping\/","title":{"rendered":"SME Bookkeeping &#038; Accounting"},"content":{"rendered":"\n\t<section class=\"section dark\" id=\"section_427714204\">\n\t\t<div class=\"bg section-bg fill bg-fill  \" >\n\n\t\t\t\n\t\t\t<div class=\"section-bg-overlay absolute fill\"><\/div>\n\t\t\t\n\n\t\t<\/div>\n\n\t\t\n\n\t\t<div class=\"section-content relative\">\n\t\t\t\n\n<div class=\"row row-large align-center\"  id=\"row-397982807\">\n\n\n\t<div id=\"col-56125798\" class=\"col medium-8 small-12 large-6\"  >\n\t\t\t\t<div class=\"col-inner\"  >\n\t\t\t\n\t\t\t\n\n\t<div id=\"text-3655353635\" class=\"text\">\n\t\t\n\n<h2>Accounting Services for SME<\/h2>\n\t\t\n<style>\n#text-3655353635 {\n  font-size: 2.5rem;\n  line-height: 1;\n}\n@media (min-width:550px) {\n  #text-3655353635 {\n    font-size: 1.7rem;\n  }\n}\n<\/style>\n\t<\/div>\n\t\n<p><strong>At Montreal Comptable, we take care of the entire accounting cycle!<\/strong><\/p>\n<ul>\n<li>Bank reconciliation<\/li>\n<li>Government reports (GST\/QST)<\/li>\n<li>Government declarations<\/li>\n<li>Monthly, quarterly and annual financial statements<\/li>\n<li>Financial analysis, various reports and others upon request<\/li>\n<li>Payroll and production of tax slips.<\/li>\n<\/ul>\n\n\t\t<\/div>\n\t\t\t\t\t<\/div>\n\n\t\n\n\t<div id=\"col-1536854243\" class=\"col medium-8 small-12 large-6\"  >\n\t\t\t\t<div class=\"col-inner\"  >\n\t\t\t\n\t\t\t\n\n\t<div id=\"text-2049549715\" class=\"text\">\n\t\t\n\n<h3>Request a Free Quote<\/h3>\n\t\t\n<style>\n#text-2049549715 {\n  font-size: 2.5rem;\n  line-height: 1;\n  color: rgb(255,255,255);\n}\n#text-2049549715 > * {\n  color: rgb(255,255,255);\n}\n@media (min-width:550px) {\n  #text-2049549715 {\n    font-size: 1.7rem;\n  }\n}\n<\/style>\n\t<\/div>\n\t\n<div class=\"row row-small align-middle align-center\"  id=\"row-1431696611\">\n\n\n\t<div id=\"col-683551108\" class=\"col small-12 large-12\"  >\n\t\t\t\t<div class=\"col-inner\"  >\n\t\t\t\n\t\t\t\n\n\t<div id=\"text-2457136024\" class=\"text\">\n\t\t\n\n<div class=\"forminator-ui forminator-custom-form forminator-custom-form-222 forminator-design--flat forminator-enclosed forminator_ajax\" data-forminator-render=\"0\" data-form=\"forminator-module-222\" data-uid=\"69fb0daed77db\"><br\/><\/div><form\n\t\t\t\tid=\"forminator-module-222\"\n\t\t\t\tclass=\"forminator-ui forminator-custom-form forminator-custom-form-222 forminator-design--flat forminator-enclosed forminator_ajax\"\n\t\t\t\tmethod=\"post\"\n\t\t\t\tdata-forminator-render=\"0\"\n\t\t\t\tdata-form-id=\"222\"\n\t\t\t\t\n\t\t\t\tdata-design=\"flat\"\n\t\t\t\t\n\t\t\t\t\n\t\t\t\t\n\t\t\t\tdata-grid=\"enclosed\"\n\t\t\t\t\n\t\t\t\t\n\t\t\t\tstyle=\"display: none;\"\n\t\t\t\t\n\t\t\t\tdata-uid=\"69fb0daed77db\"\n\t\t\t><div class=\"forminator-response-message forminator-error\" aria-hidden=\"true\"><\/div><div class=\"forminator-row\"><div id=\"name-1\" class=\"forminator-col forminator-col-6 \"><div class=\"forminator-field\"><label for=\"forminator-field-name-1_69fb0daed77db\" class=\"forminator-label\">Your name <span class=\"forminator-required\">*<\/span><\/label><input type=\"text\" name=\"name-1\" value=\"\" placeholder=\"For ex\u00a0: George Smith\" id=\"forminator-field-name-1_69fb0daed77db\" class=\"forminator-input forminator-name--field\" aria-required=\"true\" \/><\/div><\/div><div id=\"select-1\" class=\"forminator-col forminator-col-6 \"><div class=\"forminator-field\"><label for=\"forminator-form-222__field--select-1_69fb0daed77db-label\" class=\"forminator-label\">Your role:<\/label><select id=\"forminator-form-222__field--select-1_69fb0daed77db\" class=\"forminator-select--field forminator-select2\" data-required=\"\" name=\"select-1\" data-default-value=\"\" data-placeholder=\"\" data-search=\"false\" aria-describedby=\"forminator-form-222__field--select-1_69fb0daed77db-description\"><option value=\"SME-owner-employee\"  data-calculation=\"0\">SME owner\/employee<\/option><option value=\"Self-employer-worker\"  data-calculation=\"0\">Self-employer worker<\/option><option value=\"Individual\"  data-calculation=\"0\">Individual<\/option><\/select><\/div><\/div><\/div><div class=\"forminator-row\"><div id=\"phone-1\" class=\"forminator-col forminator-col-6 \"><div class=\"forminator-field\"><label for=\"forminator-field-phone-1_69fb0daed77db\" class=\"forminator-label\">Phone number <span class=\"forminator-required\">*<\/span><\/label><input type=\"text\" name=\"phone-1\" value=\"\" placeholder=\"For ex\u00a0: 514-123-1234\" id=\"forminator-field-phone-1_69fb0daed77db\" class=\"forminator-input forminator-field--phone\" data-required=\"1\" aria-required=\"true\" autocomplete=\"off\" data-validation=\"1\" \/><\/div><\/div><div id=\"email-1\" class=\"forminator-col forminator-col-6 \"><div class=\"forminator-field\"><label for=\"forminator-field-email-1_69fb0daed77db\" class=\"forminator-label\">E-mail address <span class=\"forminator-required\">*<\/span><\/label><input type=\"email\" name=\"email-1\" value=\"\" placeholder=\"For ex\u00a0: george@entreprise.com\" id=\"forminator-field-email-1_69fb0daed77db\" class=\"forminator-input forminator-email--field\" data-required=\"true\" aria-required=\"true\" \/><\/div><\/div><\/div><div class=\"forminator-row\"><div id=\"textarea-1\" class=\"forminator-col forminator-col-12 \"><div class=\"forminator-field\"><label for=\"forminator-field-textarea-1_69fb0daed77db\" class=\"forminator-label\">How can Montreal Comptable help you?<\/label><textarea name=\"textarea-1\" placeholder=\"What accounting services do you need? Please provide us with details here.\" id=\"forminator-field-textarea-1_69fb0daed77db\" class=\"forminator-textarea\" rows=\"6\" style=\"min-height:140px;\" maxlength=\"180\" ><\/textarea><span id=\"forminator-field-textarea-1_69fb0daed77db-description\" class=\"forminator-description\"><span data-limit=\"180\" data-type=\"characters\">0 \/ 180<\/span><\/span><\/div><\/div><\/div><input type=\"hidden\" name=\"referer_url\" value=\"\" \/><div class=\"forminator-row forminator-row-last\"><div class=\"forminator-col\"><div class=\"forminator-field\"><button class=\"forminator-button forminator-button-submit\">Request a quote<\/button><\/div><\/div><\/div><input type=\"hidden\" id=\"forminator_nonce\" name=\"forminator_nonce\" value=\"6b4b8a4a91\" \/><input type=\"hidden\" name=\"_wp_http_referer\" value=\"\/en\/wp-json\/wp\/v2\/pages\/184\" \/><input type=\"hidden\" name=\"form_id\" value=\"222\"><input type=\"hidden\" name=\"page_id\" value=\"184\"><input type=\"hidden\" name=\"form_type\" value=\"default\"><input type=\"hidden\" name=\"current_url\" value=\"https:\/\/montrealcomptable.com\/en\/sme-bookkeeping\/\"><input type=\"hidden\" name=\"render_id\" value=\"0\"><input type=\"hidden\" name=\"action\" value=\"forminator_submit_form_custom-forms\"><\/form>\n\n\t\t\n<style>\n#text-2457136024 {\n  font-size: 1rem;\n}\n<\/style>\n\t<\/div>\n\t\n\n\t\t<\/div>\n\t\t\t\t\t<\/div>\n\n\t\n\n\n<style>\n#row-1431696611 > .col > .col-inner {\n  padding: 0px 40px 0px 8px;\n}\n<\/style>\n<\/div>\n\n\t\t<\/div>\n\t\t\t\t\t<\/div>\n\n\t\n\n<\/div>\n\n\t\t<\/div>\n\n\t\t\n<style>\n#section_427714204 {\n  padding-top: 30px;\n  padding-bottom: 30px;\n  min-height: 450px;\n}\n#section_427714204 .section-bg-overlay {\n  background-color: rgba(25, 55, 99, 0.698);\n}\n#section_427714204 .section-bg.bg-loaded {\n  background-image: url(https:\/\/montrealcomptable.com\/wp-content\/uploads\/2022\/03\/PME-scaled.jpg);\n}\n@media (min-width:550px) {\n  #section_427714204 {\n    min-height: 600px;\n  }\n}\n@media (min-width:850px) {\n  #section_427714204 {\n    min-height: 700px;\n  }\n}\n<\/style>\n\t<\/section>\n\t\n\t<section class=\"section dark\" id=\"section_1563452620\">\n\t\t<div class=\"bg section-bg fill bg-fill  bg-loaded\" >\n\n\t\t\t\n\t\t\t\n\t\t\t\n\n\t\t<\/div>\n\n\t\t\n\n\t\t<div class=\"section-content relative\">\n\t\t\t\n\n<div class=\"row row-large\" style=\"max-width:1300px\" id=\"row-741710423\">\n\n\n\t<div id=\"col-1128361580\" class=\"col small-12 large-12\"  >\n\t\t\t\t<div class=\"col-inner\"  >\n\t\t\t\n\t\t\t\n\n\t<div id=\"text-4063315678\" class=\"text\">\n\t\t\n\n<h2>Simple and Intuitive Workflow<\/h2>\n\t\t\n<style>\n#text-4063315678 {\n  text-align: center;\n}\n<\/style>\n\t<\/div>\n\t\n\n\t\t<\/div>\n\t\t\t\t\t<\/div>\n\n\t\n\n\t<div id=\"col-1751604773\" class=\"col medium-4 small-12 large-4\"  >\n\t\t\t\t<div class=\"col-inner text-left\"  >\n\t\t\t\n\t\t\t\n\n\n\t\t<div class=\"icon-box featured-box icon-box-top text-left\"  >\n\t\t\t\t<div class=\"icon-box-text last-reset\">\n\t\t\t\t\t\t\t\t\t\n\n\t<div id=\"text-4018004943\" class=\"text\">\n\t\t\n\n<h3>1. Send your documents<\/h3>\n<div>Send us your invoices and receipts by e-mail or fax.<\/div>\n<div>That&#8217;s all we need from you.<\/div>\n<div>We&#8217;ll take care of the rest!<\/div>\n\t\t\n<style>\n#text-4018004943 {\n  text-align: left;\n}\n<\/style>\n\t<\/div>\n\t\n\n\t\t<\/div>\n\t<\/div>\n\t\n\t\n\n\t\t<\/div>\n\t\t\t\t\t<\/div>\n\n\t\n\n\t<div id=\"col-280390296\" class=\"col medium-4 small-12 large-4\"  >\n\t\t\t\t<div class=\"col-inner text-left\"  >\n\t\t\t\n\t\t\t\n\n\n\t\t<div class=\"icon-box featured-box icon-box-top text-left\"  >\n\t\t\t\t<div class=\"icon-box-text last-reset\">\n\t\t\t\t\t\t\t\t\t\n\n\t<div id=\"text-206102606\" class=\"text\">\n\t\t\n\n<h3>2. Questions &amp; feedback<\/h3>\n<div>We will follow up on outstanding transactions from the previous month. If there are any issues with the transactions, we will ask for clarification.<\/div>\n\t\t\n<style>\n#text-206102606 {\n  text-align: left;\n}\n<\/style>\n\t<\/div>\n\t\n\n\t\t<\/div>\n\t<\/div>\n\t\n\t\n\n\t\t<\/div>\n\t\t\t\t\t<\/div>\n\n\t\n\n\t<div id=\"col-2032204571\" class=\"col medium-4 small-12 large-4\"  >\n\t\t\t\t<div class=\"col-inner text-left\"  >\n\t\t\t\n\t\t\t\n\n\n\t\t<div class=\"icon-box featured-box icon-box-top text-left\"  >\n\t\t\t\t<div class=\"icon-box-text last-reset\">\n\t\t\t\t\t\t\t\t\t\n\n\t<div id=\"text-156998758\" class=\"text\">\n\t\t\n\n<h3>3. Financial statements<\/h3>\n<div>We will present you with meaningful financial data that will allow you to make relevant and informed business decisions.<\/div>\n\t\t\n<style>\n#text-156998758 {\n  text-align: left;\n}\n<\/style>\n\t<\/div>\n\t\n\n\t\t<\/div>\n\t<\/div>\n\t\n\t\n\n\t\t<\/div>\n\t\t\t\t\t<\/div>\n\n\t\n\n<\/div>\n\n\t\t<\/div>\n\n\t\t\n<style>\n#section_1563452620 {\n  padding-top: 35px;\n  padding-bottom: 35px;\n  background-color: #193763;\n}\n<\/style>\n\t<\/section>\n\t\n\t<section class=\"section\" id=\"section_1622175139\">\n\t\t<div class=\"bg section-bg fill bg-fill  bg-loaded\" >\n\n\t\t\t\n\t\t\t\n\t\t\t\n\n\t\t<\/div>\n\n\t\t\n\n\t\t<div class=\"section-content relative\">\n\t\t\t\n\n<div class=\"row\" style=\"max-width:1300px\" id=\"row-1660041765\">\n\n\n\t<div id=\"col-2030262266\" class=\"col small-12 large-12\"  >\n\t\t\t\t<div class=\"col-inner\"  >\n\t\t\t\n\t\t\t\n\n\t<div id=\"gap-2086852204\" class=\"gap-element clearfix\" style=\"display:block; height:auto;\">\n\t\t\n<style>\n#gap-2086852204 {\n  padding-top: 30px;\n}\n<\/style>\n\t<\/div>\n\t\n\n\t<div id=\"text-2838723068\" class=\"text\">\n\t\t\n\n<h2><span data-text-color=\"alert\">Online<\/span> Accounting &amp; Bookkeeping Services for Small Businesses in Montreal<\/h2>\n<div>&nbsp;<\/div>\n<div>We will listen to you first to understand your situation and goals. We can chat via email or schedule a video call to discuss the matter further and see how we can help you.<\/div>\n<div>&nbsp;<\/div>\n<div>Our goal is to make sure your books are clean and tidy. We built our system with people in mind.<\/div>\n<div>&nbsp;<\/div>\n<h2>Our bookkeeping services<\/h2>\n<div>&nbsp;<\/div>\n<div>Bookkeeping is not easy. It requires a specific skill set and a long period of training. A trusted bookkeeper with over 20 years of experience is available to help you.&nbsp;<\/div>\n<div>&nbsp;<\/div>\n<h2>Benefits of working with us<\/h2>\n<div>If you decide to join the services of <strong>Montreal Comptable<\/strong>, you will be guaranteed :<\/div>\n\t\t\n<style>\n#text-2838723068 {\n  font-size: 1rem;\n  text-align: center;\n}\n<\/style>\n\t<\/div>\n\t\n\n\t\t<\/div>\n\t\t\t\t\t<\/div>\n\n\t\n\n<\/div>\n<div class=\"row align-middle align-center\"  id=\"row-1811282475\">\n\n\n\t<div id=\"col-1290035257\" class=\"col small-12 large-12\"  >\n\t\t\t\t<div class=\"col-inner\"  >\n\t\t\t\n\t\t\t\n\n<div class=\"row row-small align-middle align-center\" style=\"max-width:1300px\" id=\"row-644012179\">\n\n\n\t<div id=\"col-807572517\" class=\"col medium-4 small-12 large-4\"  >\n\t\t\t\t<div class=\"col-inner\"  >\n\t\t\t\n\t\t\t\n\n\n  <div class=\"banner has-hover\" id=\"banner-1004905519\">\n          <div class=\"banner-inner fill\">\n        <div class=\"banner-bg fill\" >\n            <div class=\"bg fill bg-fill \"><\/div>\n                        <div class=\"overlay\"><\/div>            \n                    <\/div>\n\t\t\n        <div class=\"banner-layers container\">\n            <a class=\"fill\" href=\"#\" ><div class=\"fill banner-link\"><\/div><\/a>            \n\n   <div id=\"text-box-432810034\" class=\"text-box banner-layer x50 md-x50 lg-x50 y50 md-y50 lg-y50 res-text\">\n                                <div class=\"text-box-content text dark\">\n              \n              <div class=\"text-inner text-center\">\n                  \n\n<h2 class=\"uppercase\">FRIENDLY, PROFESSIONAL AND ACCESSIBLE CUSTOMER SERVICE<\/h2>\n\n              <\/div>\n           <\/div>\n                            \n<style>\n#text-box-432810034 {\n  width: 100%;\n}\n#text-box-432810034 .text-box-content {\n  font-size: 100%;\n}\n<\/style>\n    <\/div>\n \n\n        <\/div>\n      <\/div>\n\n            \n<style>\n#banner-1004905519 {\n  padding-top: 99.99%;\n}\n#banner-1004905519 .overlay {\n  background-color: rgba(25,55,99,0.15);\n}\n<\/style>\n  <\/div>\n\n\n\n\t\t<\/div>\n\t\t\t\t\t<\/div>\n\n\t\n\n\t<div id=\"col-1207969270\" class=\"col medium-4 small-12 large-4\"  >\n\t\t\t\t<div class=\"col-inner\"  >\n\t\t\t\n\t\t\t\n\n\n  <div class=\"banner has-hover\" id=\"banner-1352585008\">\n          <div class=\"banner-inner fill\">\n        <div class=\"banner-bg fill\" >\n            <div class=\"bg fill bg-fill \"><\/div>\n                        <div class=\"overlay\"><\/div>            \n                    <\/div>\n\t\t\n        <div class=\"banner-layers container\">\n            <a class=\"fill\" href=\"#\" ><div class=\"fill banner-link\"><\/div><\/a>            \n\n   <div id=\"text-box-1164385106\" class=\"text-box banner-layer x50 md-x50 lg-x50 y50 md-y50 lg-y50 res-text\">\n                                <div class=\"text-box-content text dark\">\n              \n              <div class=\"text-inner text-center\">\n                  \n\n<h2 class=\"uppercase\">HONEST &amp; OPEN COMMUNICATION ABOUT YOUR TAXES AND FINANCES<\/h2>\n\n              <\/div>\n           <\/div>\n                            \n<style>\n#text-box-1164385106 {\n  width: 100%;\n}\n#text-box-1164385106 .text-box-content {\n  font-size: 100%;\n}\n<\/style>\n    <\/div>\n \n\n        <\/div>\n      <\/div>\n\n            \n<style>\n#banner-1352585008 {\n  padding-top: 99.99%;\n}\n#banner-1352585008 .overlay {\n  background-color: rgba(25,55,99,0.15);\n}\n<\/style>\n  <\/div>\n\n\n\n\t\t<\/div>\n\t\t\t\t\t<\/div>\n\n\t\n\n\t<div id=\"col-1017253529\" class=\"col medium-4 small-12 large-4\"  >\n\t\t\t\t<div class=\"col-inner\"  >\n\t\t\t\n\t\t\t\n\n\n  <div class=\"banner has-hover\" id=\"banner-677659466\">\n          <div class=\"banner-inner fill\">\n        <div class=\"banner-bg fill\" >\n            <div class=\"bg fill bg-fill \"><\/div>\n                        <div class=\"overlay\"><\/div>            \n                    <\/div>\n\t\t\n        <div class=\"banner-layers container\">\n            <a class=\"fill\" href=\"#\" ><div class=\"fill banner-link\"><\/div><\/a>            \n\n   <div id=\"text-box-1102888863\" class=\"text-box banner-layer x50 md-x50 lg-x50 y50 md-y50 lg-y50 res-text\">\n                                <div class=\"text-box-content text dark\">\n              \n              <div class=\"text-inner text-center\">\n                  \n\n<h2 class=\"uppercase\">SYSTEMS AND WORKFLOWS YOU CAN TRUST AND RELY ON<\/h2>\n\n              <\/div>\n           <\/div>\n                            \n<style>\n#text-box-1102888863 {\n  width: 86%;\n}\n#text-box-1102888863 .text-box-content {\n  font-size: 100%;\n}\n<\/style>\n    <\/div>\n \n\n        <\/div>\n      <\/div>\n\n            \n<style>\n#banner-677659466 {\n  padding-top: 99.99%;\n}\n#banner-677659466 .overlay {\n  background-color: rgba(25,55,99,0.15);\n}\n<\/style>\n  <\/div>\n\n\n\n\t\t<\/div>\n\t\t\t\t\t<\/div>\n\n\t\n\n<\/div>\n\n\t\t<\/div>\n\t\t\t\t\t<\/div>\n\n\t\n\n<\/div>\n\n\t\t<\/div>\n\n\t\t\n<style>\n#section_1622175139 {\n  padding-top: 30px;\n  padding-bottom: 30px;\n}\n@media (min-width:850px) {\n  #section_1622175139 {\n    padding-top: 10px;\n    padding-bottom: 10px;\n  }\n}\n<\/style>\n\t<\/section>\n\t\n\t<section class=\"section\" id=\"section_537642401\">\n\t\t<div class=\"bg section-bg fill bg-fill  bg-loaded\" >\n\n\t\t\t\n\t\t\t\n\t\t\t\n\n\t\t<\/div>\n\n\t\t\n\n\t\t<div class=\"section-content relative\">\n\t\t\t\n\n<div class=\"row align-middle\" style=\"max-width:1300px\" id=\"row-1377182949\">\n\n\n\t<div id=\"col-1245103737\" class=\"col medium-12 small-12 large-6\"  >\n\t\t\t\t<div class=\"col-inner\"  >\n\t\t\t\n\t\t\t\n\n\n\n<iframe src=\"https:\/\/www.google.com\/maps\/embed?pb=!1m18!1m12!1m3!1d178790.95603506276!2d-73.87038736422973!3d45.558196846441284!2m3!1f0!2f0!3f0!3m2!1i1024!2i768!4f13.1!3m3!1m2!1s0x4cc91a541c64b70d%3A0x654e3138211fefef!2zTW9udHLDqWFsLCBRQw!5e0!3m2!1sfr!2sca!4v1646848289021!5m2!1sfr!2sca\" width=\"600\" height=\"450\" style=\"border:0;\" allowfullscreen=\"\" loading=\"lazy\"><\/iframe>\n\n\n\t\t<\/div>\n\t\t\t\t\t<\/div>\n\n\t\n\n\t<div id=\"col-1611531089\" class=\"col medium-11 small-12 large-6\"  >\n\t\t\t\t<div class=\"col-inner text-center\"  >\n\t\t\t\n\t\t\t\n\n\t<div id=\"gap-1764447193\" class=\"gap-element clearfix\" style=\"display:block; height:auto;\">\n\t\t\n<style>\n#gap-1764447193 {\n  padding-top: 30px;\n}\n<\/style>\n\t<\/div>\n\t\n\n\t<div id=\"text-2093307777\" class=\"text\">\n\t\t\n\n<h2>We Serve Small and Medium-Sized Businesses Located in the Greater Montreal Area<\/h2>\n\t\t\n<style>\n#text-2093307777 {\n  font-size: 1.1rem;\n  line-height: 2.25;\n  text-align: center;\n}\n<\/style>\n\t<\/div>\n\t\n\t<div id=\"text-777559000\" class=\"text\">\n\t\t\n\n<p>&nbsp;<\/p>\n<p>Whether you need help with bookkeeping, bank reconciliations, filing your business taxes correctly, book your 30 minute one-on-one consultation and make your finances work for you.<\/p>\n<p>&nbsp;<\/p>\n\t\t\n<style>\n#text-777559000 {\n  text-align: center;\n}\n<\/style>\n\t<\/div>\n\t\n<a href=\"https:\/\/montrealcomptable.com\/soumission\/\" class=\"button primary\"  style=\"border-radius:10px;padding:5px 30px 5px 30px;\">\n    <span>REQUEST A QUOTE<\/span>\n  <\/a>\n\n\n\n\t\t<\/div>\n\t\t\t\t\n<style>\n#col-1611531089 > .col-inner {\n  padding: 0px 0px 0px 0;\n}\n@media (min-width:550px) {\n  #col-1611531089 > .col-inner {\n    padding: 0px 0px 0px 0;\n  }\n}\n<\/style>\n\t<\/div>\n\n\t\n\n<\/div>\n\n\t\t<\/div>\n\n\t\t\n<style>\n#section_537642401 {\n  padding-top: 25px;\n  padding-bottom: 25px;\n  background-color: rgba(242, 242, 242, 0.599);\n}\n@media (min-width:850px) {\n  #section_537642401 {\n    padding-top: 50px;\n    padding-bottom: 50px;\n  }\n}\n<\/style>\n\t<\/section>\n\t\n\n\n","protected":false},"excerpt":{"rendered":"","protected":false},"author":2,"featured_media":0,"parent":0,"menu_order":0,"comment_status":"closed","ping_status":"closed","template":"page-blank.php","meta":{"footnotes":""},"class_list":["post-184","page","type-page","status-publish","hentry"],"yoast_head":"<!-- This site is optimized with the Yoast SEO plugin v22.1 - https:\/\/yoast.com\/wordpress\/plugins\/seo\/ -->\n<title>SME Bookkeeping &amp; Accounting | Montr\u00e9al Comptable<\/title>\n<meta name=\"robots\" content=\"index, follow, max-snippet:-1, max-image-preview:large, max-video-preview:-1\" \/>\n<link rel=\"canonical\" href=\"https:\/\/montrealcomptable.com\/en\/sme-bookkeeping\/\" \/>\n<meta property=\"og:locale\" content=\"en_US\" \/>\n<meta property=\"og:type\" content=\"article\" \/>\n<meta property=\"og:title\" content=\"SME Bookkeeping &amp; Accounting | Montr\u00e9al Comptable\" \/>\n<meta property=\"og:url\" content=\"https:\/\/montrealcomptable.com\/en\/sme-bookkeeping\/\" \/>\n<meta property=\"og:site_name\" content=\"Montr\u00e9al Comptable\" \/>\n<meta property=\"article:modified_time\" content=\"2022-03-15T23:19:10+00:00\" \/>\n<meta name=\"twitter:card\" content=\"summary_large_image\" \/>\n<meta name=\"twitter:label1\" content=\"Est. reading time\" \/>\n\t<meta name=\"twitter:data1\" content=\"3 minutes\" \/>\n<script type=\"application\/ld+json\" class=\"yoast-schema-graph\">{\"@context\":\"https:\/\/schema.org\",\"@graph\":[{\"@type\":\"WebPage\",\"@id\":\"https:\/\/montrealcomptable.com\/en\/sme-bookkeeping\/\",\"url\":\"https:\/\/montrealcomptable.com\/en\/sme-bookkeeping\/\",\"name\":\"SME Bookkeeping & Accounting | Montr\u00e9al Comptable\",\"isPartOf\":{\"@id\":\"https:\/\/montrealcomptable.com\/#website\"},\"datePublished\":\"2022-03-15T19:23:33+00:00\",\"dateModified\":\"2022-03-15T23:19:10+00:00\",\"breadcrumb\":{\"@id\":\"https:\/\/montrealcomptable.com\/en\/sme-bookkeeping\/#breadcrumb\"},\"inLanguage\":\"en-US\",\"potentialAction\":[{\"@type\":\"ReadAction\",\"target\":[\"https:\/\/montrealcomptable.com\/en\/sme-bookkeeping\/\"]}]},{\"@type\":\"BreadcrumbList\",\"@id\":\"https:\/\/montrealcomptable.com\/en\/sme-bookkeeping\/#breadcrumb\",\"itemListElement\":[{\"@type\":\"ListItem\",\"position\":1,\"name\":\"Home\",\"item\":\"https:\/\/montrealcomptable.com\/en\/\"},{\"@type\":\"ListItem\",\"position\":2,\"name\":\"SME Bookkeeping &#038; Accounting\"}]},{\"@type\":\"WebSite\",\"@id\":\"https:\/\/montrealcomptable.com\/#website\",\"url\":\"https:\/\/montrealcomptable.com\/\",\"name\":\"Montr\u00e9al Comptable\",\"description\":\"Tenue de livres, imp\u00f4ts et comptabilit\u00e9 Montr\u00e9al\",\"publisher\":{\"@id\":\"https:\/\/montrealcomptable.com\/#organization\"},\"potentialAction\":[{\"@type\":\"SearchAction\",\"target\":{\"@type\":\"EntryPoint\",\"urlTemplate\":\"https:\/\/montrealcomptable.com\/?s={search_term_string}\"},\"query-input\":\"required name=search_term_string\"}],\"inLanguage\":\"en-US\"},{\"@type\":\"Organization\",\"@id\":\"https:\/\/montrealcomptable.com\/#organization\",\"name\":\"Montr\u00e9al Comptable\",\"url\":\"https:\/\/montrealcomptable.com\/\",\"logo\":{\"@type\":\"ImageObject\",\"inLanguage\":\"en-US\",\"@id\":\"https:\/\/montrealcomptable.com\/#\/schema\/logo\/image\/\",\"url\":\"https:\/\/montrealcomptable.com\/wp-content\/uploads\/2022\/03\/Montre\u0301al-comptable-logo.jpg\",\"contentUrl\":\"https:\/\/montrealcomptable.com\/wp-content\/uploads\/2022\/03\/Montre\u0301al-comptable-logo.jpg\",\"width\":1000,\"height\":337,\"caption\":\"Montr\u00e9al Comptable\"},\"image\":{\"@id\":\"https:\/\/montrealcomptable.com\/#\/schema\/logo\/image\/\"}}]}<\/script>\n<!-- \/ Yoast SEO plugin. -->","yoast_head_json":{"title":"SME Bookkeeping & Accounting | Montr\u00e9al Comptable","robots":{"index":"index","follow":"follow","max-snippet":"max-snippet:-1","max-image-preview":"max-image-preview:large","max-video-preview":"max-video-preview:-1"},"canonical":"https:\/\/montrealcomptable.com\/en\/sme-bookkeeping\/","og_locale":"en_US","og_type":"article","og_title":"SME Bookkeeping & Accounting | Montr\u00e9al Comptable","og_url":"https:\/\/montrealcomptable.com\/en\/sme-bookkeeping\/","og_site_name":"Montr\u00e9al Comptable","article_modified_time":"2022-03-15T23:19:10+00:00","twitter_card":"summary_large_image","twitter_misc":{"Est. reading time":"3 minutes"},"schema":{"@context":"https:\/\/schema.org","@graph":[{"@type":"WebPage","@id":"https:\/\/montrealcomptable.com\/en\/sme-bookkeeping\/","url":"https:\/\/montrealcomptable.com\/en\/sme-bookkeeping\/","name":"SME Bookkeeping & Accounting | Montr\u00e9al Comptable","isPartOf":{"@id":"https:\/\/montrealcomptable.com\/#website"},"datePublished":"2022-03-15T19:23:33+00:00","dateModified":"2022-03-15T23:19:10+00:00","breadcrumb":{"@id":"https:\/\/montrealcomptable.com\/en\/sme-bookkeeping\/#breadcrumb"},"inLanguage":"en-US","potentialAction":[{"@type":"ReadAction","target":["https:\/\/montrealcomptable.com\/en\/sme-bookkeeping\/"]}]},{"@type":"BreadcrumbList","@id":"https:\/\/montrealcomptable.com\/en\/sme-bookkeeping\/#breadcrumb","itemListElement":[{"@type":"ListItem","position":1,"name":"Home","item":"https:\/\/montrealcomptable.com\/en\/"},{"@type":"ListItem","position":2,"name":"SME Bookkeeping &#038; Accounting"}]},{"@type":"WebSite","@id":"https:\/\/montrealcomptable.com\/#website","url":"https:\/\/montrealcomptable.com\/","name":"Montr\u00e9al Comptable","description":"Tenue de livres, imp\u00f4ts et comptabilit\u00e9 Montr\u00e9al","publisher":{"@id":"https:\/\/montrealcomptable.com\/#organization"},"potentialAction":[{"@type":"SearchAction","target":{"@type":"EntryPoint","urlTemplate":"https:\/\/montrealcomptable.com\/?s={search_term_string}"},"query-input":"required name=search_term_string"}],"inLanguage":"en-US"},{"@type":"Organization","@id":"https:\/\/montrealcomptable.com\/#organization","name":"Montr\u00e9al Comptable","url":"https:\/\/montrealcomptable.com\/","logo":{"@type":"ImageObject","inLanguage":"en-US","@id":"https:\/\/montrealcomptable.com\/#\/schema\/logo\/image\/","url":"https:\/\/montrealcomptable.com\/wp-content\/uploads\/2022\/03\/Montre\u0301al-comptable-logo.jpg","contentUrl":"https:\/\/montrealcomptable.com\/wp-content\/uploads\/2022\/03\/Montre\u0301al-comptable-logo.jpg","width":1000,"height":337,"caption":"Montr\u00e9al Comptable"},"image":{"@id":"https:\/\/montrealcomptable.com\/#\/schema\/logo\/image\/"}}]}},"_links":{"self":[{"href":"https:\/\/montrealcomptable.com\/en\/wp-json\/wp\/v2\/pages\/184","targetHints":{"allow":["GET"]}}],"collection":[{"href":"https:\/\/montrealcomptable.com\/en\/wp-json\/wp\/v2\/pages"}],"about":[{"href":"https:\/\/montrealcomptable.com\/en\/wp-json\/wp\/v2\/types\/page"}],"author":[{"embeddable":true,"href":"https:\/\/montrealcomptable.com\/en\/wp-json\/wp\/v2\/users\/2"}],"replies":[{"embeddable":true,"href":"https:\/\/montrealcomptable.com\/en\/wp-json\/wp\/v2\/comments?post=184"}],"version-history":[{"count":5,"href":"https:\/\/montrealcomptable.com\/en\/wp-json\/wp\/v2\/pages\/184\/revisions"}],"predecessor-version":[{"id":224,"href":"https:\/\/montrealcomptable.com\/en\/wp-json\/wp\/v2\/pages\/184\/revisions\/224"}],"wp:attachment":[{"href":"https:\/\/montrealcomptable.com\/en\/wp-json\/wp\/v2\/media?parent=184"}],"curies":[{"name":"wp","href":"https:\/\/api.w.org\/{rel}","templated":true}]}}