{"id":199,"date":"2022-03-15T19:50:27","date_gmt":"2022-03-15T19:50:27","guid":{"rendered":"https:\/\/montrealcomptable.com\/?page_id=199"},"modified":"2022-07-11T17:54:51","modified_gmt":"2022-07-11T17:54:51","slug":"quote","status":"publish","type":"page","link":"https:\/\/montrealcomptable.com\/en\/quote\/","title":{"rendered":"Contact us"},"content":{"rendered":"\n\t<section class=\"section has-parallax\" id=\"section_1665857973\">\n\t\t<div class=\"bg section-bg fill bg-fill  \" data-parallax-container=\".section\" data-parallax-background data-parallax=\"-3\">\n\n\t\t\t\n\t\t\t<div class=\"section-bg-overlay absolute fill\"><\/div>\n\t\t\t\n\n\t\t<\/div>\n\n\t\t\n\n\t\t<div class=\"section-content relative\">\n\t\t\t\n\n\t<div id=\"gap-912993256\" class=\"gap-element clearfix\" style=\"display:block; height:auto;\">\n\t\t\n<style>\n#gap-912993256 {\n  padding-top: 30px;\n}\n<\/style>\n\t<\/div>\n\t\n\n<div class=\"row\"  id=\"row-218960567\">\n\n\n\t<div id=\"col-1674487300\" class=\"col small-12 large-12\"  >\n\t\t\t\t<div class=\"col-inner\" style=\"background-color:rgba(255, 255, 255, 0.9);\" >\n\t\t\t\n\t\t\t\n\n<div class=\"row align-middle align-center\"  id=\"row-1744126836\">\n\n\n\t<div id=\"col-993504317\" class=\"col medium-9 small-12 large-6\"  >\n\t\t\t\t<div class=\"col-inner text-center\"  >\n\t\t\t\n\t\t\t\n\n\t<div id=\"text-417560616\" class=\"text\">\n\t\t\n\n<h1>Contact Us<\/h1>\n\t\t\n<style>\n#text-417560616 {\n  font-size: 1.5rem;\n}\n<\/style>\n\t<\/div>\n\t\n\t<div id=\"text-2076374271\" class=\"text\">\n\t\t\n\n<p>T: <a href=\"tel:+1-450-485-5030\">450-485-5030<\/a><\/p>\n\n\t\t\n<style>\n#text-2076374271 {\n  font-size: 1.85rem;\n}\n<\/style>\n\t<\/div>\n\t\n<p><strong>Office<\/strong> : 65 Rue Principale, Ch\u00e2teauguay, QC J6K 1E9<\/p>\n\n\t<div id=\"text-3766730082\" class=\"text\">\n\t\t\n\n<div>Send us your requests or questions and we will answer you as soon as possible.<\/div>\n<div>\u00a0<\/div>\n<div>To obtain a <strong>free quote<\/strong>, please specify the services you require.<\/div>\n\t\t\n<style>\n#text-3766730082 {\n  font-size: 1.45rem;\n}\n<\/style>\n\t<\/div>\n\t\n<div class=\"social-icons follow-icons\" style=\"font-size:110%\"><a href=\"mailto:info@montrealcomptable.com\" data-label=\"E-mail\" target=\"_blank\" class=\"icon plain email tooltip\" title=\"Send us an email\" aria-label=\"Send us an email\" rel=\"nofollow noopener\" ><i class=\"icon-envelop\" ><\/i><\/a><\/div>\n\n\n\t\t<\/div>\n\t\t\t\t\n<style>\n#col-993504317 > .col-inner {\n  padding: 0px 0px 0px 0px;\n}\n@media (min-width:550px) {\n  #col-993504317 > .col-inner {\n    padding: 40px 0px 0px 0px;\n  }\n}\n@media (min-width:850px) {\n  #col-993504317 > .col-inner {\n    padding: 0px 10% 0px 5%;\n  }\n}\n<\/style>\n\t<\/div>\n\n\t\n\n\t<div id=\"col-400802584\" class=\"col medium-12 small-12 large-6\"  >\n\t\t\t\t<div class=\"col-inner\"  >\n\t\t\t\n\t\t\t\n\n<div class=\"forminator-ui forminator-custom-form forminator-custom-form-219 forminator-design--flat forminator-enclosed forminator_ajax\" data-forminator-render=\"0\" data-form=\"forminator-module-219\" data-uid=\"69fc453eb5ae9\"><br\/><\/div><form\n\t\t\t\tid=\"forminator-module-219\"\n\t\t\t\tclass=\"forminator-ui forminator-custom-form forminator-custom-form-219 forminator-design--flat forminator-enclosed forminator_ajax\"\n\t\t\t\tmethod=\"post\"\n\t\t\t\tdata-forminator-render=\"0\"\n\t\t\t\tdata-form-id=\"219\"\n\t\t\t\t\n\t\t\t\tdata-design=\"flat\"\n\t\t\t\t\n\t\t\t\t\n\t\t\t\t\n\t\t\t\tdata-grid=\"enclosed\"\n\t\t\t\t\n\t\t\t\t\n\t\t\t\tstyle=\"display: none;\"\n\t\t\t\t\n\t\t\t\tdata-uid=\"69fc453eb5ae9\"\n\t\t\t><div class=\"forminator-response-message forminator-error\" aria-hidden=\"true\"><\/div><div class=\"forminator-row\"><div id=\"name-1\" class=\"forminator-col forminator-col-6 \"><div class=\"forminator-field\"><label for=\"forminator-field-name-1_69fc453eb5ae9\" class=\"forminator-label\">Your name <span class=\"forminator-required\">*<\/span><\/label><input type=\"text\" name=\"name-1\" value=\"\" placeholder=\"For ex\u00a0: Jane Smith\" id=\"forminator-field-name-1_69fc453eb5ae9\" class=\"forminator-input forminator-name--field\" aria-required=\"true\" \/><\/div><\/div><div id=\"select-1\" class=\"forminator-col forminator-col-6 \"><div class=\"forminator-field\"><label for=\"forminator-form-219__field--select-1_69fc453eb5ae9-label\" class=\"forminator-label\">You are...<\/label><select id=\"forminator-form-219__field--select-1_69fc453eb5ae9\" class=\"forminator-select--field forminator-select2\" data-required=\"\" name=\"select-1\" data-default-value=\"\" data-placeholder=\"\" data-search=\"false\" aria-describedby=\"forminator-form-219__field--select-1_69fc453eb5ae9-description\"><option value=\"SME-owner-employee\"  data-calculation=\"0\">SME owner\/employee<\/option><option value=\"Self-employer-worker\"  data-calculation=\"0\">Self-employer worker<\/option><option value=\"Individual\"  data-calculation=\"0\">Individual<\/option><\/select><\/div><\/div><\/div><div class=\"forminator-row\"><div id=\"phone-1\" class=\"forminator-col forminator-col-6 \"><div class=\"forminator-field\"><label for=\"forminator-field-phone-1_69fc453eb5ae9\" class=\"forminator-label\">Phone number<\/label><input type=\"text\" name=\"phone-1\" value=\"\" placeholder=\"For ex\u00a0: 514-123-1234\" id=\"forminator-field-phone-1_69fc453eb5ae9\" class=\"forminator-input forminator-field--phone\" data-required=\"\" aria-required=\"false\" autocomplete=\"off\" \/><\/div><\/div><div id=\"email-1\" class=\"forminator-col forminator-col-6 \"><div class=\"forminator-field\"><label for=\"forminator-field-email-1_69fc453eb5ae9\" class=\"forminator-label\">E-mail address <span class=\"forminator-required\">*<\/span><\/label><input type=\"email\" name=\"email-1\" value=\"\" placeholder=\"For ex : jane@entreprise.com\" id=\"forminator-field-email-1_69fc453eb5ae9\" class=\"forminator-input forminator-email--field\" data-required=\"true\" aria-required=\"true\" \/><\/div><\/div><\/div><div class=\"forminator-row\"><div id=\"textarea-1\" class=\"forminator-col forminator-col-12 \"><div class=\"forminator-field\"><label for=\"forminator-field-textarea-1_69fc453eb5ae9\" class=\"forminator-label\">How can Montreal Comptable help you?<\/label><textarea name=\"textarea-1\" placeholder=\"What accounting services do you need? Please provide us with the details here.\" id=\"forminator-field-textarea-1_69fc453eb5ae9\" class=\"forminator-textarea\" rows=\"6\" style=\"min-height:140px;\" ><\/textarea><\/div><\/div><\/div><input type=\"hidden\" name=\"referer_url\" value=\"\" \/><div class=\"forminator-row forminator-row-last\"><div class=\"forminator-col\"><div class=\"forminator-field\"><button class=\"forminator-button forminator-button-submit\">Send form<\/button><\/div><\/div><\/div><input type=\"hidden\" id=\"forminator_nonce\" name=\"forminator_nonce\" value=\"27a9957a95\" \/><input type=\"hidden\" name=\"_wp_http_referer\" value=\"\/en\/wp-json\/wp\/v2\/pages\/199\" \/><input type=\"hidden\" name=\"form_id\" value=\"219\"><input type=\"hidden\" name=\"page_id\" value=\"199\"><input type=\"hidden\" name=\"form_type\" value=\"default\"><input type=\"hidden\" name=\"current_url\" value=\"https:\/\/montrealcomptable.com\/en\/quote\/\"><input type=\"hidden\" name=\"render_id\" value=\"0\"><input type=\"hidden\" name=\"action\" value=\"forminator_submit_form_custom-forms\"><\/form>\n\n\t\t<\/div>\n\t\t\t\t\n<style>\n#col-400802584 > .col-inner {\n  margin: 20px 0px 0px 0px;\n}\n<\/style>\n\t<\/div>\n\n\t\n\n<\/div>\n\n\t\t<\/div>\n\t\t\t\t\n<style>\n#col-1674487300 > .col-inner {\n  padding: 50px 30px 0px 30px;\n  border-radius: 10px;\n}\n@media (min-width:550px) {\n  #col-1674487300 > .col-inner {\n    padding: 30px 30px 0px 30px;\n  }\n}\n@media (min-width:850px) {\n  #col-1674487300 > .col-inner {\n    padding: 60px 60px 20px 60px;\n  }\n}\n<\/style>\n\t<\/div>\n\n\t\n\n<\/div>\n\n\t\t<\/div>\n\n\t\t\n<style>\n#section_1665857973 {\n  padding-top: 50px;\n  padding-bottom: 50px;\n  min-height: 450px;\n}\n#section_1665857973 .section-bg-overlay {\n  background-color: rgba(255,255,255,.5);\n}\n#section_1665857973 .section-bg.bg-loaded {\n  background-image: url(https:\/\/montrealcomptable.com\/wp-content\/uploads\/2022\/03\/Tenue-de-livres-Montre\u0301al-scaled.jpg);\n}\n#section_1665857973 .section-bg {\n  background-position: 0% 97%;\n}\n<\/style>\n\t<\/section>\n\t\n\n","protected":false},"excerpt":{"rendered":"","protected":false},"author":2,"featured_media":0,"parent":0,"menu_order":0,"comment_status":"closed","ping_status":"closed","template":"page-blank.php","meta":{"footnotes":""},"class_list":["post-199","page","type-page","status-publish","hentry"],"yoast_head":"<!-- This site is optimized with the Yoast SEO plugin v22.1 - https:\/\/yoast.com\/wordpress\/plugins\/seo\/ -->\n<title>Contact us | Montr\u00e9al Comptable<\/title>\n<meta name=\"robots\" content=\"index, follow, max-snippet:-1, max-image-preview:large, max-video-preview:-1\" \/>\n<link rel=\"canonical\" href=\"https:\/\/montrealcomptable.com\/soumission\/\" \/>\n<meta property=\"og:locale\" content=\"en_US\" \/>\n<meta property=\"og:type\" content=\"article\" \/>\n<meta property=\"og:title\" content=\"Contact us | Montr\u00e9al Comptable\" \/>\n<meta property=\"og:url\" content=\"https:\/\/montrealcomptable.com\/soumission\/\" \/>\n<meta property=\"og:site_name\" content=\"Montr\u00e9al Comptable\" \/>\n<meta property=\"article:modified_time\" content=\"2022-07-11T17:54:51+00:00\" \/>\n<meta name=\"twitter:card\" content=\"summary_large_image\" \/>\n<meta name=\"twitter:label1\" content=\"Est. reading time\" \/>\n\t<meta name=\"twitter:data1\" content=\"1 minute\" \/>\n<script type=\"application\/ld+json\" class=\"yoast-schema-graph\">{\"@context\":\"https:\/\/schema.org\",\"@graph\":[{\"@type\":\"WebPage\",\"@id\":\"https:\/\/montrealcomptable.com\/soumission\/\",\"url\":\"https:\/\/montrealcomptable.com\/soumission\/\",\"name\":\"Contact us | Montr\u00e9al Comptable\",\"isPartOf\":{\"@id\":\"https:\/\/montrealcomptable.com\/#website\"},\"datePublished\":\"2022-03-15T19:50:27+00:00\",\"dateModified\":\"2022-07-11T17:54:51+00:00\",\"breadcrumb\":{\"@id\":\"https:\/\/montrealcomptable.com\/soumission\/#breadcrumb\"},\"inLanguage\":\"en-US\",\"potentialAction\":[{\"@type\":\"ReadAction\",\"target\":[\"https:\/\/montrealcomptable.com\/soumission\/\"]}]},{\"@type\":\"BreadcrumbList\",\"@id\":\"https:\/\/montrealcomptable.com\/soumission\/#breadcrumb\",\"itemListElement\":[{\"@type\":\"ListItem\",\"position\":1,\"name\":\"Home\",\"item\":\"https:\/\/montrealcomptable.com\/en\/\"},{\"@type\":\"ListItem\",\"position\":2,\"name\":\"Contact us\"}]},{\"@type\":\"WebSite\",\"@id\":\"https:\/\/montrealcomptable.com\/#website\",\"url\":\"https:\/\/montrealcomptable.com\/\",\"name\":\"Montr\u00e9al Comptable\",\"description\":\"Tenue de livres, imp\u00f4ts et comptabilit\u00e9 Montr\u00e9al\",\"publisher\":{\"@id\":\"https:\/\/montrealcomptable.com\/#organization\"},\"potentialAction\":[{\"@type\":\"SearchAction\",\"target\":{\"@type\":\"EntryPoint\",\"urlTemplate\":\"https:\/\/montrealcomptable.com\/?s={search_term_string}\"},\"query-input\":\"required name=search_term_string\"}],\"inLanguage\":\"en-US\"},{\"@type\":\"Organization\",\"@id\":\"https:\/\/montrealcomptable.com\/#organization\",\"name\":\"Montr\u00e9al Comptable\",\"url\":\"https:\/\/montrealcomptable.com\/\",\"logo\":{\"@type\":\"ImageObject\",\"inLanguage\":\"en-US\",\"@id\":\"https:\/\/montrealcomptable.com\/#\/schema\/logo\/image\/\",\"url\":\"https:\/\/montrealcomptable.com\/wp-content\/uploads\/2022\/03\/Montre\u0301al-comptable-logo.jpg\",\"contentUrl\":\"https:\/\/montrealcomptable.com\/wp-content\/uploads\/2022\/03\/Montre\u0301al-comptable-logo.jpg\",\"width\":1000,\"height\":337,\"caption\":\"Montr\u00e9al Comptable\"},\"image\":{\"@id\":\"https:\/\/montrealcomptable.com\/#\/schema\/logo\/image\/\"}}]}<\/script>\n<!-- \/ Yoast SEO plugin. -->","yoast_head_json":{"title":"Contact us | Montr\u00e9al Comptable","robots":{"index":"index","follow":"follow","max-snippet":"max-snippet:-1","max-image-preview":"max-image-preview:large","max-video-preview":"max-video-preview:-1"},"canonical":"https:\/\/montrealcomptable.com\/soumission\/","og_locale":"en_US","og_type":"article","og_title":"Contact us | Montr\u00e9al Comptable","og_url":"https:\/\/montrealcomptable.com\/soumission\/","og_site_name":"Montr\u00e9al Comptable","article_modified_time":"2022-07-11T17:54:51+00:00","twitter_card":"summary_large_image","twitter_misc":{"Est. reading time":"1 minute"},"schema":{"@context":"https:\/\/schema.org","@graph":[{"@type":"WebPage","@id":"https:\/\/montrealcomptable.com\/soumission\/","url":"https:\/\/montrealcomptable.com\/soumission\/","name":"Contact us | Montr\u00e9al Comptable","isPartOf":{"@id":"https:\/\/montrealcomptable.com\/#website"},"datePublished":"2022-03-15T19:50:27+00:00","dateModified":"2022-07-11T17:54:51+00:00","breadcrumb":{"@id":"https:\/\/montrealcomptable.com\/soumission\/#breadcrumb"},"inLanguage":"en-US","potentialAction":[{"@type":"ReadAction","target":["https:\/\/montrealcomptable.com\/soumission\/"]}]},{"@type":"BreadcrumbList","@id":"https:\/\/montrealcomptable.com\/soumission\/#breadcrumb","itemListElement":[{"@type":"ListItem","position":1,"name":"Home","item":"https:\/\/montrealcomptable.com\/en\/"},{"@type":"ListItem","position":2,"name":"Contact us"}]},{"@type":"WebSite","@id":"https:\/\/montrealcomptable.com\/#website","url":"https:\/\/montrealcomptable.com\/","name":"Montr\u00e9al Comptable","description":"Tenue de livres, imp\u00f4ts et comptabilit\u00e9 Montr\u00e9al","publisher":{"@id":"https:\/\/montrealcomptable.com\/#organization"},"potentialAction":[{"@type":"SearchAction","target":{"@type":"EntryPoint","urlTemplate":"https:\/\/montrealcomptable.com\/?s={search_term_string}"},"query-input":"required name=search_term_string"}],"inLanguage":"en-US"},{"@type":"Organization","@id":"https:\/\/montrealcomptable.com\/#organization","name":"Montr\u00e9al Comptable","url":"https:\/\/montrealcomptable.com\/","logo":{"@type":"ImageObject","inLanguage":"en-US","@id":"https:\/\/montrealcomptable.com\/#\/schema\/logo\/image\/","url":"https:\/\/montrealcomptable.com\/wp-content\/uploads\/2022\/03\/Montre\u0301al-comptable-logo.jpg","contentUrl":"https:\/\/montrealcomptable.com\/wp-content\/uploads\/2022\/03\/Montre\u0301al-comptable-logo.jpg","width":1000,"height":337,"caption":"Montr\u00e9al Comptable"},"image":{"@id":"https:\/\/montrealcomptable.com\/#\/schema\/logo\/image\/"}}]}},"_links":{"self":[{"href":"https:\/\/montrealcomptable.com\/en\/wp-json\/wp\/v2\/pages\/199","targetHints":{"allow":["GET"]}}],"collection":[{"href":"https:\/\/montrealcomptable.com\/en\/wp-json\/wp\/v2\/pages"}],"about":[{"href":"https:\/\/montrealcomptable.com\/en\/wp-json\/wp\/v2\/types\/page"}],"author":[{"embeddable":true,"href":"https:\/\/montrealcomptable.com\/en\/wp-json\/wp\/v2\/users\/2"}],"replies":[{"embeddable":true,"href":"https:\/\/montrealcomptable.com\/en\/wp-json\/wp\/v2\/comments?post=199"}],"version-history":[{"count":5,"href":"https:\/\/montrealcomptable.com\/en\/wp-json\/wp\/v2\/pages\/199\/revisions"}],"predecessor-version":[{"id":255,"href":"https:\/\/montrealcomptable.com\/en\/wp-json\/wp\/v2\/pages\/199\/revisions\/255"}],"wp:attachment":[{"href":"https:\/\/montrealcomptable.com\/en\/wp-json\/wp\/v2\/media?parent=199"}],"curies":[{"name":"wp","href":"https:\/\/api.w.org\/{rel}","templated":true}]}}